{"id":171,"date":"2023-11-03T09:23:01","date_gmt":"2023-11-03T09:23:01","guid":{"rendered":"https:\/\/bildwpuniqare.wpengine.com\/?page_id=171"},"modified":"2024-01-08T08:44:04","modified_gmt":"2024-01-08T08:44:04","slug":"impressum","status":"publish","type":"page","link":"https:\/\/uniqa-rem.at\/en\/impressum\/","title":{"rendered":"Imprint"},"content":{"rendered":"<div style=\"height:100px\" aria-hidden=\"true\" class=\"wp-block-spacer\"><\/div>\n\n\n\n<div class=\"wp-block-columns is-layout-flex wp-container-core-columns-is-layout-9d6595d7 wp-block-columns-is-layout-flex\">\n<div class=\"wp-block-column is-layout-flow wp-block-column-is-layout-flow\">\n<p>Medieninhaber und Herausgeber<\/p>\n\n\n\n<p><strong>UNIQA Real Estate Management GmbH<\/strong><br>Untere Donaustra\u00dfe 47\/B09<br>1029 Wien<br>Tel : (+43 1) 214 24 22<br>Fax: (+43 1) 214 24 22 \u2013 8578<\/p>\n\n\n\n<p>Rechtsform: Gesellschaft mit beschr\u00e4nkter Haftung mit Sitz in Wien<br>Firmenbuchnummer: 112555y<br>Firmenbuchgericht: Handelsgericht Wien<br>UID: ATU44624402<br>Web: <a href=\"https:\/\/uniqa-rem.at\/en\/\">www.uniqa-rem.at<\/a><\/p>\n\n\n\n<p>Die Gesellschaft ist Mitglied der Wirtschaftskammer \u00d6sterreich, der Wirtschaftskammer Wien, dem Zentralverband der Hausbesitzer und dem \u00d6sterreichischen Verband der Immobilientreuh\u00e4nder.<\/p>\n<\/div>\n\n\n\n<div class=\"wp-block-column is-layout-flow wp-block-column-is-layout-flow\">\n<figure class=\"wp-block-image size-full is-resized\"><img decoding=\"async\" src=\"https:\/\/uniqa-rem.at\/wp-content\/uploads\/2023\/09\/logo.svg\" alt=\"\" class=\"wp-image-7\" style=\"width:200px;height:undefinedpx\"\/><\/figure>\n\n\n\n<p><strong>Gesch\u00e4ftsf\u00fchrer:<\/strong><br>Thomas Erdmann MRICS, Mag. Andrea Sternberg<\/p>\n\n\n\n<p>Am Medieninhaber als Gesellschafter beteiligt:<\/p>\n\n\n\n<p>UNIQA \u00d6sterreich Versicherungen AG (99,337 %)<br>1029 Wien, Untere Donaustra\u00dfe 21, FN 63197 m<br><a href=\"https:\/\/www.uniqa.at\/versicherung\/impressum.html\">Impressum | UNIQA \u00d6sterreich<\/a><\/p>\n\n\n\n<p>Dr. Georg Braunegg (0,663%)<br>1010 Wien, Elisabethstra\u00dfe 15<\/p>\n\n\n\n<p>Angaben zur UNIQA \u00d6sterreich Versicherungen AG bzw. zur UNIQA Insurance Group AG finden Sie im Web unter:<br><a href=\"http:\/\/www.uniqagroup.com\" target=\"_blank\" rel=\"noreferrer noopener\">www.uniqagroup.com<\/a><\/p>\n\n\n\n<p>Portal f\u00fcr <a href=\"https:\/\/uniqagroup.whistleblowernetwork.net\/frontpage\">Whistleblowing<\/a><\/p>\n<\/div>\n<\/div>\n\n\n\n<div style=\"color:#ddd\" class=\"wp-block-genesis-blocks-gb-spacer gb-block-spacer gb-divider-solid gb-spacer-divider gb-divider-size-1\"><hr style=\"height:30px\"\/><\/div>\n\n\n\n<div class=\"wp-block-columns is-layout-flex wp-container-core-columns-is-layout-9d6595d7 wp-block-columns-is-layout-flex\">\n<div class=\"wp-block-column is-layout-flow wp-block-column-is-layout-flow\">\n<p><strong>Unternehmensgegenstand<\/strong><\/p>\n\n\n\n<ul class=\"wp-block-list\">\n<li>Der Erwerb, Besitz, die Verwaltung, Verwertung und Vermittlung von Realit\u00e4ten und der Handel mit Liegenschaften und liegenschaftsgleichen Rechten<\/li>\n\n\n\n<li>Der Ankauf und Weiterverkauf von Grundst\u00fccken aller Art, damit im Zusammenhang die kaufm\u00e4nnische und finanzielle Planung und Durchf\u00fchrung von Wohn- und Gesch\u00e4ftsbauten, sowie die Schaffung von Wohnungseigentum<\/li>\n\n\n\n<li>Bautr\u00e4gert\u00e4tigkeit<\/li>\n\n\n\n<li>Die Beteiligung an anderen Unternehmen mit gleichem oder \u00e4hnlichem Unternehmensgegenstand im In- und Ausland<\/li>\n<\/ul>\n<\/div>\n\n\n\n<div class=\"wp-block-column is-layout-flow wp-block-column-is-layout-flow\">\n<ul class=\"wp-block-list\">\n<li>Die Gesellschaft ist zu allen Gesch\u00e4ften und Ma\u00dfnahmen berechtigt, die zur Erreichung des Gesellschaftszweckes notwendig oder n\u00fctzlich erscheinen, insbesondere auch zur Errichtung von Zweigniederlassungen oder Tochtergesellschaften im In- und Ausland<\/li>\n\n\n\n<li>Die Wohnungs- und Gesch\u00e4ftsvermietung<\/li>\n\n\n\n<li>Bankgesch\u00e4fte im Sinne des Bankwesengesetzes sind von der T\u00e4tigkeit der Gesellschaft ausgeschlossen<\/li>\n<\/ul>\n<\/div>\n<\/div>","protected":false},"excerpt":{"rendered":"<p>Medieninhaber und Herausgeber UNIQA Real Estate Management GmbHUntere Donaustra\u00dfe 47\/B091029 WienTel : (+43 1) 214 24 22Fax: (+43 1) 214 24 22 \u2013 8578 Rechtsform: Gesellschaft mit beschr\u00e4nkter Haftung mit Sitz in WienFirmenbuchnummer: 112555yFirmenbuchgericht: Handelsgericht WienUID: ATU44624402Web: www.uniqa-rem.at Die Gesellschaft ist Mitglied der Wirtschaftskammer \u00d6sterreich, der Wirtschaftskammer Wien, dem Zentralverband der Hausbesitzer und dem \u00d6sterreichischen [&hellip;]<\/p>","protected":false},"author":1,"featured_media":0,"parent":0,"menu_order":0,"comment_status":"closed","ping_status":"closed","template":"","meta":{"_acf_changed":false,"footnotes":""},"class_list":["post-171","page","type-page","status-publish","hentry"],"acf":[],"featured_image_src":null,"featured_image_src_square":null,"_links":{"self":[{"href":"https:\/\/uniqa-rem.at\/en\/wp-json\/wp\/v2\/pages\/171","targetHints":{"allow":["GET"]}}],"collection":[{"href":"https:\/\/uniqa-rem.at\/en\/wp-json\/wp\/v2\/pages"}],"about":[{"href":"https:\/\/uniqa-rem.at\/en\/wp-json\/wp\/v2\/types\/page"}],"author":[{"embeddable":true,"href":"https:\/\/uniqa-rem.at\/en\/wp-json\/wp\/v2\/users\/1"}],"replies":[{"embeddable":true,"href":"https:\/\/uniqa-rem.at\/en\/wp-json\/wp\/v2\/comments?post=171"}],"version-history":[{"count":0,"href":"https:\/\/uniqa-rem.at\/en\/wp-json\/wp\/v2\/pages\/171\/revisions"}],"wp:attachment":[{"href":"https:\/\/uniqa-rem.at\/en\/wp-json\/wp\/v2\/media?parent=171"}],"curies":[{"name":"wp","href":"https:\/\/api.w.org\/{rel}","templated":true}]}}